{"id":990,"date":"2017-06-26T21:01:49","date_gmt":"2017-06-26T19:01:49","guid":{"rendered":"http:\/\/www.jeremy-taburchi.com\/?page_id=990"},"modified":"2020-01-15T16:13:49","modified_gmt":"2020-01-15T15:13:49","slug":"the-artist","status":"publish","type":"page","link":"https:\/\/www.jeremy-taburchi.com\/en\/the-artist\/","title":{"rendered":"The artist"},"content":{"rendered":"<p style=\"text-align: justify;\"><a href=\"https:\/\/www.jeremy-taburchi.com\/lartiste\/biographie\/\"><strong>J\u00e9r\u00e9my Taburchi<\/strong><\/a>, artiste plasticien, peintre, \u00e9crivain et dessinateur de presse est n\u00e9 \u00e0 Nice en 1974. Inspir\u00e9 par les th\u00e8mes et les couleurs de son premier m\u00e9tier de Webdesigner, l&#8217;artiste invente au d\u00e9but des ann\u00e9es 2000 le personnage du <a href=\"https:\/\/www.jeremy-taburchi.com\/en\/categorie-produit\/the-pink-cat\/\"><strong>Chat Rose<\/strong><\/a>, un f\u00e9lin ludique, parfois joyeux parfois cynique, dont il d\u00e9cline les aventures dans la presse locale et dans les galeries d&#8217;art r\u00e9gionales.<\/p>\n<p style=\"text-align: justify;\">Egalement auteur de s\u00e9ries telles que les <strong>G\u00e9lules<\/strong>, ou les <a href=\"https:\/\/www.jeremy-taburchi.com\/en\/categorie-produit\/the-400-coups\/\"><strong>Coups<\/strong><\/a>, J\u00e9r\u00e9my Taburchi travaille de plus en plus des mat\u00e9riaux et des techniques hybrides, en alliant par exemple argile, r\u00e9sine et <a href=\"https:\/\/www.jeremy-taburchi.com\/en\/categorie-produit\/3d-prints\/\"><strong>impressions 3D<\/strong><\/a>. Ses connaissances en informatique lui permettent en effet d&#8217;exp\u00e9rimenter avec facilit\u00e9 ces nouveaux territoires virtuels qu&#8217;offrent les technologies 3D dans le domaine de l&#8217;art. Tel un clin d\u2019\u0153il \u00e0 cette approche mixte, alliant tradition et modernit\u00e9, l&#8217;artiste a cr\u00e9\u00e9 les premiers &#8220;<strong>Cougourdons 3D<\/strong>&#8220;, imitations en plastique (100% biod\u00e9gradable) de nos ch\u00e8res cucurbitac\u00e9es ni\u00e7oises.<\/p>\n<p>Ci-dessous un reportage de <strong>France 3<\/strong> sur son travail \u00e0 l&#8217;occasion de la sortie de sa BD &#8220;Dr. Chat Rose &amp; Mister Strange&#8221; publi\u00e9e chez Baie des Anges \u00e9ditions.<\/p>\n<p><iframe loading=\"lazy\" frameborder=\"0\" width=\"980\" height=\"550\" src=\"https:\/\/www.dailymotion.com\/embed\/video\/x14bygl\" allowfullscreen allow=\"autoplay\"><\/iframe><\/p>\n\n<p>Waoouuu, la cha\u00eene pr\u00e9f\u00e9r\u00e9e du Chat Rose, Azur TV (Canal 31 de la TNT) a r\u00e9alis\u00e9 une interview de J\u00e9r\u00e9my Taburchi. Elle est \u00e0 d\u00e9couvrir en int\u00e9gralit\u00e9 ci-dessous. Merci \u00e0 Nicolas Galup et \u00e0 la gentille journaliste \ud83d\ude42<\/p>\n\n<figure><iframe loading=\"lazy\" src=\"https:\/\/www.youtube.com\/embed\/mEjkrWiva5U\" width=\"800\" height=\"500\" allowfullscreen=\"allowfullscreen\"><\/iframe><\/figure>\n\n<p>D&#8217;autres actus et vid\u00e9os sur Google en\u00a0<a href=\"https:\/\/www.google.fr\/?gws_rd=ssl#q=taburchi&amp;tbm=vid\" target=\"_blank\" rel=\"noreferrer noopener\">cliquant ici<\/a>.<\/p>\n\n<p>Retrouvez plus d&#8217;informations sur l&#8217;actualit\u00e9 et le travail de l&#8217;artiste depuis le site\u00a0<a href=\"http:\/\/www.taburchi.com\">www.taburchi.com<\/a><\/p>\n","protected":false},"excerpt":{"rendered":"<p>J\u00e9r\u00e9my Taburchi, artiste plasticien, peintre, \u00e9crivain et dessinateur de presse est n\u00e9 \u00e0 Nice en 1974. Inspir\u00e9 par les th\u00e8mes et les couleurs de son premier m\u00e9tier de Webdesigner, l&#8217;artiste invente au d\u00e9but des ann\u00e9es 2000 le personnage du Chat Rose, un f\u00e9lin ludique, parfois joyeux parfois cynique, dont il d\u00e9cline les aventures dans la [&hellip;]<\/p>\n","protected":false},"author":1,"featured_media":0,"parent":0,"menu_order":0,"comment_status":"closed","ping_status":"closed","template":"","meta":{"footnotes":""},"class_list":["post-990","page","type-page","status-publish","hentry"],"aioseo_notices":[],"_links":{"self":[{"href":"https:\/\/www.jeremy-taburchi.com\/en\/wp-json\/wp\/v2\/pages\/990","targetHints":{"allow":["GET"]}}],"collection":[{"href":"https:\/\/www.jeremy-taburchi.com\/en\/wp-json\/wp\/v2\/pages"}],"about":[{"href":"https:\/\/www.jeremy-taburchi.com\/en\/wp-json\/wp\/v2\/types\/page"}],"author":[{"embeddable":true,"href":"https:\/\/www.jeremy-taburchi.com\/en\/wp-json\/wp\/v2\/users\/1"}],"replies":[{"embeddable":true,"href":"https:\/\/www.jeremy-taburchi.com\/en\/wp-json\/wp\/v2\/comments?post=990"}],"version-history":[{"count":0,"href":"https:\/\/www.jeremy-taburchi.com\/en\/wp-json\/wp\/v2\/pages\/990\/revisions"}],"wp:attachment":[{"href":"https:\/\/www.jeremy-taburchi.com\/en\/wp-json\/wp\/v2\/media?parent=990"}],"curies":[{"name":"wp","href":"https:\/\/api.w.org\/{rel}","templated":true}]}}