{"id":988,"date":"2017-06-26T20:57:48","date_gmt":"2017-06-26T18:57:48","guid":{"rendered":"http:\/\/www.jeremy-taburchi.com\/?page_id=988"},"modified":"2019-01-27T21:59:53","modified_gmt":"2019-01-27T20:59:53","slug":"legal-terms","status":"publish","type":"page","link":"https:\/\/www.jeremy-taburchi.com\/en\/legal-terms\/","title":{"rendered":"Legal terms"},"content":{"rendered":"<p>Editorial manager of the website\u00a0:<\/p>\n<p><strong>J\u00e9r\u00e9my Taburchi<\/strong><br \/>\n<strong>60 bd Guynemer<\/strong><br \/>\n<strong>06240 BEAUSOLEIL<\/strong><\/p>\n<p>N\u00b0SIRET 445 065 733 00021<br \/>\nRCS de MENTON (06)<\/p>\n<p>Hosting :<\/p>\n<p><strong>OVH.com (France)<\/strong><\/p>\n<p>All elements published on this website, pictures, graphics, texts, videos and any other elements are copyrighted.<\/p>\n<p>Privacy is guaranteed by french law :<\/p>\n<p>&#8220;Conform\u00e9ment \u00e0 la loi n\u00b0 78-17 du 6 janvier 1978, relative \u00e0 l\u2019Informatique, aux Fichiers et aux Libert\u00e9s, vous disposez d\u2019un droit d\u2019acc\u00e8s et de rectification des donn\u00e9es \u00e0 caract\u00e8re personnel vous concernant et faisant l\u2019objet de traitements dans le cadre de la gestion de ce site.&#8221;<\/p>\n<p>This website may use cookies. We may use it to track and analyse the behavior of the visitors of this website (Google products), and in other situations, with the goal of ease your navigation on this website.<\/p>\n","protected":false},"excerpt":{"rendered":"<p>Editorial manager of the website\u00a0: J\u00e9r\u00e9my Taburchi 60 bd Guynemer 06240 BEAUSOLEIL N\u00b0SIRET 445 065 733 00021 RCS de MENTON (06) Hosting : OVH.com (France) All elements published on this website, pictures, graphics, texts, videos and any other elements are copyrighted. Privacy is guaranteed by french law : &#8220;Conform\u00e9ment \u00e0 la loi n\u00b0 78-17 du [&hellip;]<\/p>\n","protected":false},"author":1,"featured_media":0,"parent":0,"menu_order":0,"comment_status":"closed","ping_status":"closed","template":"","meta":{"footnotes":""},"class_list":["post-988","page","type-page","status-publish","hentry"],"aioseo_notices":[],"_links":{"self":[{"href":"https:\/\/www.jeremy-taburchi.com\/en\/wp-json\/wp\/v2\/pages\/988","targetHints":{"allow":["GET"]}}],"collection":[{"href":"https:\/\/www.jeremy-taburchi.com\/en\/wp-json\/wp\/v2\/pages"}],"about":[{"href":"https:\/\/www.jeremy-taburchi.com\/en\/wp-json\/wp\/v2\/types\/page"}],"author":[{"embeddable":true,"href":"https:\/\/www.jeremy-taburchi.com\/en\/wp-json\/wp\/v2\/users\/1"}],"replies":[{"embeddable":true,"href":"https:\/\/www.jeremy-taburchi.com\/en\/wp-json\/wp\/v2\/comments?post=988"}],"version-history":[{"count":0,"href":"https:\/\/www.jeremy-taburchi.com\/en\/wp-json\/wp\/v2\/pages\/988\/revisions"}],"wp:attachment":[{"href":"https:\/\/www.jeremy-taburchi.com\/en\/wp-json\/wp\/v2\/media?parent=988"}],"curies":[{"name":"wp","href":"https:\/\/api.w.org\/{rel}","templated":true}]}}