{"id":986,"date":"2017-06-26T20:54:26","date_gmt":"2017-06-26T18:54:26","guid":{"rendered":"http:\/\/www.jeremy-taburchi.com\/?page_id=986"},"modified":"2023-03-28T15:58:27","modified_gmt":"2023-03-28T13:58:27","slug":"general-sales-terms","status":"publish","type":"page","link":"https:\/\/www.jeremy-taburchi.com\/en\/general-sales-terms\/","title":{"rendered":"General sales terms"},"content":{"rendered":"<p style=\"text-align: justify;\"><em>Toute relation entre une personne physique ou morale et J\u00e9r\u00e9my Taburchi\u00a0est soumise \u00e0 l\u2019acceptation de ces conditions g\u00e9n\u00e9rales de vente ainsi qu\u2019\u00e0 l\u2019acceptation des conditions g\u00e9n\u00e9rales d\u2019utilisation du site web par cette personne. Ces conditions g\u00e9n\u00e9rales de vente seront ult\u00e9rieurement d\u00e9nomm\u00e9es CGV.<\/em><\/p>\n<p style=\"text-align: justify;\"><strong>Article 1 : Identit\u00e9 du vendeur<\/strong><\/p>\n<p style=\"text-align: justify;\">Jeremy Taburchi EI \u2013 60 Bd Guynemer \u2013 06240 BEAUSOLEIL \u2013 FRANCE<br \/>\nN\u00b0SIRET 445 065 733 00013 \u2013 RCS de MENTON \u2013 d\u00e9claration CNIL N\u00b0850156<br \/>\nTel. : +33 (0) 6 20 59 77 31<\/p>\n<p style=\"text-align: justify;\"><strong>Article 2 : Donn\u00e9es personnelles<\/strong><\/p>\n<p style=\"text-align: justify;\">Toutes les personnes utilisant ce site et souhaitant correspondre avec J\u00e9r\u00e9my Taburchi\u00a0par le biais de formulaire ou d\u2019email acceptent que soit trait\u00e9es les informations personnelles les concernant, dans le cadre et le respect des lois en vigueur en France. Ces personnes poss\u00e8dent un droit d\u2019acc\u00e8s et de rectification aux donn\u00e9es personnelles les concernant, Conform\u00e9ment \u00e0 la loi informatique et libert\u00e9s du 8-01-78 et conform\u00e9ment \u00e0 toute r\u00e9glementation en vigueur dans ce domaine.<\/p>\n<p style=\"text-align: justify;\">Pour faire valoir votre droit d\u2019acc\u00e8s, utilisez l\u2019adresse :\u00a0jeremy@taburchi.com<\/p>\n<p style=\"text-align: justify;\"><strong>Article 3 : Juridictions comp\u00e9tentes<\/strong><\/p>\n<p style=\"text-align: justify;\">Tout contentieux sera r\u00e9gl\u00e9 par les tribunaux fran\u00e7ais de Menton ou Nice uniquement.<\/p>\n<p style=\"text-align: justify;\"><strong>Article 4 : Territorialit\u00e9<\/strong><\/p>\n<p style=\"text-align: justify;\">Les contrats de vente et de services, ainsi que tous les autres types de contrats, sont r\u00e9put\u00e9s \u00eatre conclus en France et soumis comme tels au droit fran\u00e7ais.<\/p>\n<p style=\"text-align: justify;\"><strong>Article 5 : Garanties de paiement<\/strong><\/p>\n<p style=\"text-align: justify;\">En fonction du montant de la commande, et si celle-ci n\u2019est pas r\u00e9gl\u00e9e directement sur le site via les moyens de paiement propos\u00e9s, J\u00e9r\u00e9my Taburchi\u00a0se r\u00e9serve le droit de demander des garanties de paiement \u00e0 l\u2019acheteur ou contractant.<\/p>\n<p><strong>Article 6.1 : Conditions de r\u00e8glement<\/strong><\/p>\n<p>Date de r\u00e8glement : 1 mois apr\u00e8s la date d\u2019\u00e9mission de la facture. Nos conditions de vente ne pr\u00e9voient pas d\u2019escompte pour paiement anticip\u00e9. Le r\u00e8glement anticip\u00e9 ne donne pas lieu \u00e0 remise.<\/p>\n<p><strong>Article 6.2 : Retard de paiement<\/strong><\/p>\n<p>En cas de d\u00e9faut de paiement total ou partiel des marchandises livr\u00e9es au jour de la r\u00e9ception, l\u2019acheteur doit verser \u00e0 l\u2019entreprise une p\u00e9nalit\u00e9 de retard \u00e9gale \u00e0 trois fois le taux de l\u2019int\u00e9r\u00eat l\u00e9gal.<\/p>\n<p>Le taux de l\u2019int\u00e9r\u00eat l\u00e9gal retenu est celui en vigueur au jour de la livraison des marchandises ou celui de la r\u00e9alisation des services demand\u00e9s par le client \u00e0 l\u2019entreprise.<\/p>\n<p>Cette p\u00e9nalit\u00e9 est calcul\u00e9e sur le montant TTC de la somme restant due, et court \u00e0 compter de la date d\u2019\u00e9ch\u00e9ance du prix sans qu\u2019aucune mise en demeure pr\u00e9alable ne soit n\u00e9cessaire.<\/p>\n<p>En sus des indemnit\u00e9s de retard, toute somme, y compris l\u2019acompte, non pay\u00e9e \u00e0 sa date d\u2019exigibilit\u00e9 produira de plein droit le paiement d\u2019une indemnit\u00e9 forfaitaire de 40 euros due au titre des frais de recouvrement.<\/p>\n<p>Le vendeur peut renoncer aux p\u00e9nalit\u00e9s de retard.<\/p>\n<p>Articles 441-6, I alin\u00e9a 12 et D. 441-5 du code de commerce.<\/p>\n<p><strong>Article 6.3 : Clause r\u00e9solutoire<\/strong><\/p>\n<p>Si dans les quinze jours qui suivent la mise en \u0153uvre de la clause \u00ab Retard de paiement \u00bb, l\u2019acheteur ne s\u2019est pas acquitt\u00e9 des sommes restant dues, la vente sera r\u00e9solue de plein droit et pourra ouvrir droit \u00e0 l\u2019allocation de dommages et int\u00e9r\u00eats au profit de l\u2019entreprise.<\/p>\n<p><strong>Article 6.4 : Clause de r\u00e9serve de propri\u00e9t\u00e9<\/strong><\/p>\n<p>L\u2019entreprise conserve la propri\u00e9t\u00e9 des biens vendus jusqu\u2019au paiement int\u00e9gral du prix, en principal et en accessoires. \u00c0 ce titre, si l\u2019acheteur fait l\u2019objet d\u2019un redressement ou d\u2019une liquidation judiciaire, l\u2019entreprise se r\u00e9serve le droit de revendiquer, dans le cadre de la proc\u00e9dure collective, les marchandises vendues et rest\u00e9es impay\u00e9es.<\/p>\n<p><strong>Article 6.5 : Livraison des marchandises<\/strong><\/p>\n<p>La livraison est effectu\u00e9e :<\/p>\n<ul>\n<li>soit par la remise directe de la marchandise \u00e0 l\u2019acheteur<\/li>\n<li>soit par l\u2019envoi d\u2019un avis de mise \u00e0 disposition en magasin \u00e0 l\u2019attention de l\u2019acheteur<\/li>\n<li>soit au lieu indiqu\u00e9 par l\u2019acheteur sur le bon de commande<\/li>\n<\/ul>\n<p>Le d\u00e9lai de livraison indiqu\u00e9 lors de l\u2019enregistrement de la commande n\u2019est donn\u00e9 qu\u2019\u00e0 titre indicatif et n\u2019est aucunement garanti.<\/p>\n<p>Par voie de cons\u00e9quence, tout retard raisonnable dans la livraison des produits ne pourra pas donner lieu au profit de l\u2019acheteur \u00e0 :<\/p>\n<ul>\n<li>l\u2019allocation de dommages et int\u00e9r\u00eats<\/li>\n<li>l\u2019annulation de la commande<\/li>\n<\/ul>\n<p>Le risque du transport est support\u00e9 en totalit\u00e9 par l\u2019acheteur. En cas de marchandises manquantes ou d\u00e9t\u00e9rior\u00e9es lors du transport, l\u2019acheteur devra formuler toutes les r\u00e9serves n\u00e9cessaires sur le bon de commande \u00e0 r\u00e9ception desdites marchandises. Ces r\u00e9serves devront \u00eatre, en outre, confirm\u00e9es par \u00e9crit dans les cinq jours suivant la livraison, par courrier recommand\u00e9 AR.<\/p>\n<p><strong>Article 6.6 : Annulation, r\u00e9tractation<\/strong><\/p>\n<p>Dans le cas d\u2019un contrat conclu \u00e0 distance ou hors \u00e9tablissement avec un consommateur, ce dernier b\u00e9n\u00e9ficie d\u2019un d\u00e9lai de r\u00e9tractation de quatorze (14) jours conform\u00e9ment \u00e0 l\u2019article L.221-18 du code de la consommation.<\/p>\n<p>Dans le cas d\u2019un contrat conclu hors \u00e9tablissement entre deux professionnels, le client professionnel peut user du m\u00eame droit de r\u00e9tractation de quatorze (14) jours selon les prescriptions de l\u2019article L.221-3 du code de la consommation.<\/p>\n<p>Toutefois, ce droit de r\u00e9traction n\u2019est pas applicable aux contrats vis\u00e9s \u00e0 l\u2019article L.221-28 du m\u00eame code.<\/p>\n<p>Les sommes \u00e9ventuellement vers\u00e9es seront rembours\u00e9es au client sous r\u00e9serve de pr\u00e9venir par \u00e9crit l\u2019entreprise dans les d\u00e9lais impartis.<\/p>\n<p>En dehors du cas de r\u00e9tractation ci-dessus vis\u00e9, en cas de renonciation, de d\u00e9sistement ou de demande de report \u00e0 l\u2019initiative du client avant le d\u00e9but de la prestation de service, l\u2019entreprise se r\u00e9serve le droit de facturer jusqu\u2019\u00e0 100% du prix \u00e0 titre de d\u00e9dit.<\/p>\n<p>Par ailleurs, l\u2019entreprise se r\u00e9serve le droit de reporter ou d\u2019annuler une prestation de service si les circonstances l\u2019exigent. Dans ce cas, elle proc\u00e8de au remboursement de la totalit\u00e9 des sommes \u00e9ventuellement re\u00e7ues.<\/p>\n<p>Il est rappel\u00e9 que le droit de r\u00e9tractation n&#8217;est pas applicable sur les articles personnalis\u00e9s \u00e0 la demande du client.<\/p>\n<p style=\"text-align: justify;\"><strong>Article\u00a07\u00a0: Acompte<\/strong><\/p>\n<p style=\"text-align: justify;\">J\u00e9r\u00e9my Taburchi\u00a0se r\u00e9serve le droit de demander un acompte qui pr\u00e9c\u00e8de la r\u00e9alisation de certains services.<\/p>\n<p style=\"text-align: justify;\"><strong>Article 8\u00a0:\u00a0Disponibilit\u00e9 des produits propos\u00e9s<\/strong><\/p>\n<p style=\"text-align: justify;\">J\u00e9r\u00e9my Taburchi\u00a0ne garantit pas la disponibilit\u00e9 des produits mis en vente sur le site. Au cas o\u00f9 une commande est pass\u00e9e, et m\u00eame si celle-ci est pay\u00e9e via les moyens de paiement en ligne, dans le cas o\u00f9 le produit ne serait pas disponible ou hors stock, la vente pourra \u00eatre annul\u00e9e \u00e0 l\u2019initiative du vendeur. Le montant r\u00e9gl\u00e9 par l\u2019acheteur sera rembours\u00e9.<\/p>\n<p style=\"text-align: justify;\"><strong>Article 9 : TVA<\/strong><\/p>\n<p style=\"text-align: justify;\">L&#8217;entreprise \u00e9tant soumise au r\u00e9gime fran\u00e7ais de la micro-entreprise, elle n&#8217;est pas assujettie \u00e0 la TVA :\u00a0TVA non applicable, art. 293 B du CGI.<\/p>\n<p style=\"text-align: justify;\"><strong>Article 10 : Vente \u00e0 distance et personnalisation des\u00a0\u0153uvres\u00a0vendues<\/strong><\/p>\n<p style=\"text-align: justify;\">Cette boutique en ligne est soumise \u00e0 la r\u00e9glementation fran\u00e7aise sur la vente \u00e0 distance. En ce sens des protections (comme par exemple la r\u00e9tractation possible dans un d\u00e9lai raisonnable) est offerte aux acheteurs. N\u00e9anmoins, en cas de personnalisation des objets vendus (comme par exemple une d\u00e9dicace demand\u00e9e par l&#8217;acheteur), la possibilit\u00e9 de se r\u00e9tracter est annul\u00e9e.<\/p>\n<p style=\"text-align: justify;\"><strong>Article 11 : Bon d&#8217;achats<\/strong><\/p>\n<p style=\"text-align: justify;\">Concernant les bons d&#8217;achats vendus sur le site : les bons d&#8217;achats sont des biens virtuels qui permettent d&#8217;obtenir un code promo applicable au moment de la commande sur le panier d&#8217;achat du b\u00e9n\u00e9ficiaire du code promo. Le montant de la r\u00e9duction que le client peut obtenir avec son code promo est \u00e9quivalent \u00e0 la valeur du bon d&#8217;achat. Chaque bon d&#8217;achat, et par cons\u00e9quent chaque code promo qui lui est li\u00e9, n&#8217;est valable qu&#8217;une seule fois. Les bons d&#8217;achats peuvent \u00eatre utilis\u00e9 par l&#8217;acheteur lui-m\u00eame, \u00e0 moins qu&#8217;il n&#8217;offre son bon \u00e0 quelqu&#8217;un d&#8217;autre, comme dans le cas d&#8217;un cadeau par exemple. Cette derni\u00e8re possibilit\u00e9 est n\u00e9anmoins r\u00e9serv\u00e9e \u00e0 des destinataires qui r\u00e9sideraient dans un des pays de livraison possible du site web. Les bons d&#8217;achat ont une dur\u00e9e de validit\u00e9 d&#8217;un an.<\/p>\n<p style=\"text-align: justify;\"><strong>Article 12 : Pays de livraison<\/strong><\/p>\n<p style=\"text-align: justify;\">La vente des objets de ce site est r\u00e9serv\u00e9e uniquement aux personnes r\u00e9sidant dans l&#8217;Union Europ\u00e9enne, \u00e0 Monaco et dans certains pays du monde dont la liste s&#8217;affiche au moment de la commande. Les personnes de ces territoires qui auraient command\u00e9 une oeuvre d&#8217;un type qui ferait augmenter de mani\u00e8re disproportionn\u00e9e les frais d&#8217;exp\u00e9dition, seront contact\u00e9es par le vendeur. Ce dernier leur exposera le montant des surco\u00fbt de livraison occasionn\u00e9s par leur commande, et la vente sera suspendue en attendant l&#8217;accord de l&#8217;acheteur concernant le surco\u00fbt qui lui sera factur\u00e9. Au cas o\u00f9 l&#8217;acheteur refuserait le surco\u00fbt li\u00e9s \u00e0 l&#8217;augmentation disproportionn\u00e9e des frais d&#8217;exp\u00e9dition, la vente sera annul\u00e9e et le remboursement des sommes pay\u00e9es sera effectu\u00e9es par le vendeur \u00e0 l&#8217;acheteur, \u00e0 partir du moment o\u00f9 la banque du vendeur aura confirm\u00e9 la validit\u00e9 du paiement effectu\u00e9 par l&#8217;acheteur.<\/p>\n<p style=\"text-align: justify;\">Les demandes provenant de pays ou territoires ne correspondant pas \u00e0 ces conditions pourront \u00eatre \u00e9tudi\u00e9s afin d&#8217;\u00e9tablir un devis. Dans ce cas les \u00e9ventuels frais suppl\u00e9mentaires (transport, assurance, douane, etc&#8230;) seront \u00e0 la charge de l&#8217;acheteur. Ce dernier sera inform\u00e9 de leur montant et ce montant sera ajout\u00e9\u00a0au devis.<\/p>\n<p><strong>Article 12b : Annulation de commande<\/strong><\/p>\n<p>En cas d&#8217;annulation de commande \u00e0 l&#8217;initiative du vendeur, pour quelques raisons que ce soit, les sommes pay\u00e9es et effectivement encaiss\u00e9es par lui seront rembours\u00e9es au client au plus vite. Au cas o\u00f9 l&#8217;acheteur ne r\u00e9siderait pas dans un pays de l&#8217;Union Europ\u00e9enne ou \u00e0 Monaco, la proc\u00e9dure de remboursement commencera \u00e0 partir du trenti\u00e8me jour apr\u00e8s le jour du paiement par l&#8217;acheteur. Aucun frais annexe ou d\u00e9dommagement ne saurait \u00eatre demand\u00e9 par l&#8217;acheteur en cas d&#8217;annulation de la vente.<\/p>\n<p>L&#8217;annulation de commandes restent \u00e0 l&#8217;initiative du vendeur, pour quelques raisons que ce soit, sans qu&#8217;il en ait \u00e0 motiver les raisons \u00e0 l&#8217;acheteur.<\/p>\n<p style=\"text-align: justify;\"><strong>Article 13 : Garantie des biens et produits vendus<\/strong><\/p>\n<p style=\"text-align: justify;\">Ind\u00e9pendamment des garanties l\u00e9gales propos\u00e9es au consommateur dans le secteur de la vente d\u2019\u0153uvres d&#8217;art et dans les autres secteurs du commerce, de la consommation et de la vente \u00e0 distance, aucune garantie n&#8217;est propos\u00e9e sur les objets vendus sur ce site.<\/p>\n<p style=\"text-align: justify;\"><strong>Article 14 : Transport<\/strong><\/p>\n<p style=\"text-align: justify;\">Sauf demande particuli\u00e8re de l&#8217;acheteur, toutes les exp\u00e9ditions seront envoy\u00e9es via le service Colissimo de La Poste, avec un montant d&#8217;assurance au plus proche de la valeur de l&#8217;\u0153uvre exp\u00e9di\u00e9e. La r\u00e9glementation normale sera appliqu\u00e9e dans le cadre de la bonne r\u00e9ception de la marchandise par le destinataire du colis. Ainsi il sera recommand\u00e9 \u00e0 l&#8217;acheteur ou au r\u00e9cipiendaire du colis de v\u00e9rifier \u00e0 r\u00e9ception l&#8217;int\u00e9grit\u00e9 des objets achet\u00e9s et de faire r\u00e9clamation imm\u00e9diate \u00e0 l&#8217;agent de La Poste est cas de bris. Si vous certains pays ces services particuliers de La Poste ne sont pas disponibles, d&#8217;autres services pourront \u00eatre utilis\u00e9s par le vendeur. Si le prix de ces derniers d\u00e9passent de mani\u00e8re disproportionn\u00e9e le montant des frais de livraison factur\u00e9s au client, le vendeur contactera le client afin de lui exposer les surco\u00fbt. Ce dernier devra accepter les surco\u00fbt ou bien la vente serait annul\u00e9e, selon des conditions similaires \u00e0 celles expos\u00e9es \u00e0 l&#8217;article 12.<\/p>\n<p><strong>Ces conditions sont compl\u00e9t\u00e9es par les dispositions mentionn\u00e9es sur ces pages :<\/strong><\/p>\n<p><a href=\"http:\/\/www.jeremy-taburchi.com\/mentions-legales\/\">Mentions l\u00e9gales<\/a><br \/>\n<a href=\"http:\/\/www.jeremy-taburchi.com\/vie-privee-donnees-personnelles-et-politique-de-confidentialite\/\">Vie priv\u00e9e, donn\u00e9es personnelles et politique de confidentialit\u00e9<\/a><\/p>\n","protected":false},"excerpt":{"rendered":"<p>Toute relation entre une personne physique ou morale et J\u00e9r\u00e9my Taburchi\u00a0est soumise \u00e0 l\u2019acceptation de ces conditions g\u00e9n\u00e9rales de vente ainsi qu\u2019\u00e0 l\u2019acceptation des conditions g\u00e9n\u00e9rales d\u2019utilisation du site web par cette personne. Ces conditions g\u00e9n\u00e9rales de vente seront ult\u00e9rieurement d\u00e9nomm\u00e9es CGV. Article 1 : Identit\u00e9 du vendeur Jeremy Taburchi EI \u2013 60 Bd Guynemer [&hellip;]<\/p>\n","protected":false},"author":1,"featured_media":0,"parent":0,"menu_order":0,"comment_status":"closed","ping_status":"closed","template":"","meta":{"footnotes":""},"class_list":["post-986","page","type-page","status-publish","hentry"],"aioseo_notices":[],"_links":{"self":[{"href":"https:\/\/www.jeremy-taburchi.com\/en\/wp-json\/wp\/v2\/pages\/986","targetHints":{"allow":["GET"]}}],"collection":[{"href":"https:\/\/www.jeremy-taburchi.com\/en\/wp-json\/wp\/v2\/pages"}],"about":[{"href":"https:\/\/www.jeremy-taburchi.com\/en\/wp-json\/wp\/v2\/types\/page"}],"author":[{"embeddable":true,"href":"https:\/\/www.jeremy-taburchi.com\/en\/wp-json\/wp\/v2\/users\/1"}],"replies":[{"embeddable":true,"href":"https:\/\/www.jeremy-taburchi.com\/en\/wp-json\/wp\/v2\/comments?post=986"}],"version-history":[{"count":1,"href":"https:\/\/www.jeremy-taburchi.com\/en\/wp-json\/wp\/v2\/pages\/986\/revisions"}],"predecessor-version":[{"id":27193,"href":"https:\/\/www.jeremy-taburchi.com\/en\/wp-json\/wp\/v2\/pages\/986\/revisions\/27193"}],"wp:attachment":[{"href":"https:\/\/www.jeremy-taburchi.com\/en\/wp-json\/wp\/v2\/media?parent=986"}],"curies":[{"name":"wp","href":"https:\/\/api.w.org\/{rel}","templated":true}]}}