{"id":983,"date":"2017-06-26T20:53:16","date_gmt":"2017-06-26T18:53:16","guid":{"rendered":"http:\/\/www.jeremy-taburchi.com\/?page_id=983"},"modified":"2025-11-25T21:42:59","modified_gmt":"2025-11-25T20:42:59","slug":"how-to-contact-the-artist","status":"publish","type":"page","link":"https:\/\/www.jeremy-taburchi.com\/en\/how-to-contact-the-artist\/","title":{"rendered":"How to contact the artist"},"content":{"rendered":"<p>You can contact me directly there\u00a0:<\/p>\n<p>J\u00e9r\u00e9my Taburchi<br \/>\n60 bd Guynemer<br \/>\n06240 BEAUSOLEIL<br \/>\nFRANCE<\/p>\n<p>By phone\u00a0: +33 06 20 59 77 31<\/p>\n<p>Email : jeremy@taburchi.com<\/p>\n<p>Privacy is guaranteed by french law :<\/p>\n<p>&#8220;Conform\u00e9ment \u00e0 la loi n\u00b0 78-17 du 6 janvier 1978, relative \u00e0 l\u2019Informatique, aux Fichiers et aux Libert\u00e9s, vous disposez d\u2019un droit d\u2019acc\u00e8s et de rectification des donn\u00e9es \u00e0 caract\u00e8re personnel vous concernant et faisant l\u2019objet de traitements dans le cadre de la gestion de ce site.&#8221;<\/p>\n","protected":false},"excerpt":{"rendered":"<p>You can contact me directly there\u00a0: J\u00e9r\u00e9my Taburchi 60 bd Guynemer 06240 BEAUSOLEIL FRANCE By phone\u00a0: +33 06 20 59 77 31 Email : jeremy@taburchi.com Privacy is guaranteed by french law : &#8220;Conform\u00e9ment \u00e0 la loi n\u00b0 78-17 du 6 janvier 1978, relative \u00e0 l\u2019Informatique, aux Fichiers et aux Libert\u00e9s, vous disposez d\u2019un droit d\u2019acc\u00e8s [&hellip;]<\/p>\n","protected":false},"author":1,"featured_media":0,"parent":0,"menu_order":0,"comment_status":"closed","ping_status":"closed","template":"","meta":{"footnotes":""},"class_list":["post-983","page","type-page","status-publish","hentry"],"aioseo_notices":[],"_links":{"self":[{"href":"https:\/\/www.jeremy-taburchi.com\/en\/wp-json\/wp\/v2\/pages\/983","targetHints":{"allow":["GET"]}}],"collection":[{"href":"https:\/\/www.jeremy-taburchi.com\/en\/wp-json\/wp\/v2\/pages"}],"about":[{"href":"https:\/\/www.jeremy-taburchi.com\/en\/wp-json\/wp\/v2\/types\/page"}],"author":[{"embeddable":true,"href":"https:\/\/www.jeremy-taburchi.com\/en\/wp-json\/wp\/v2\/users\/1"}],"replies":[{"embeddable":true,"href":"https:\/\/www.jeremy-taburchi.com\/en\/wp-json\/wp\/v2\/comments?post=983"}],"version-history":[{"count":4,"href":"https:\/\/www.jeremy-taburchi.com\/en\/wp-json\/wp\/v2\/pages\/983\/revisions"}],"predecessor-version":[{"id":31947,"href":"https:\/\/www.jeremy-taburchi.com\/en\/wp-json\/wp\/v2\/pages\/983\/revisions\/31947"}],"wp:attachment":[{"href":"https:\/\/www.jeremy-taburchi.com\/en\/wp-json\/wp\/v2\/media?parent=983"}],"curies":[{"name":"wp","href":"https:\/\/api.w.org\/{rel}","templated":true}]}}